{"id":2,"date":"2025-06-24T22:21:57","date_gmt":"2025-06-24T22:21:57","guid":{"rendered":"http:\/\/laimer-events.at\/?page_id=2"},"modified":"2025-11-12T13:15:15","modified_gmt":"2025-11-12T12:15:15","slug":"sample-page","status":"publish","type":"page","link":"https:\/\/laimer-events.at\/","title":{"rendered":"Landing"},"content":{"rendered":"[et_pb_section fb_built=&#8220;1&#8243; custom_padding_last_edited=&#8220;on|desktop&#8220; next_background_color=&#8220;#1c1c1c&#8220; admin_label=&#8220;Header&#8220; _builder_version=&#8220;4.27.4&#8243; background_color=&#8220;#000000&#8243; background_image=&#8220;https:\/\/laimer-events.at\/wp-content\/uploads\/2025\/06\/dj_16-1-mid.jpg&#8220; parallax=&#8220;on&#8220; custom_padding=&#8220;5vw||13vw||false|&#8220; custom_padding_tablet=&#8220;0vw||20vw&#8220; custom_padding_phone=&#8220;&#8220; bottom_divider_style=&#8220;asymmetric4&#8243; bottom_divider_height=&#8220;131px&#8220; background_last_edited=&#8220;on|phone&#8220; parallax_phone=&#8220;off&#8220; background_size_phone=&#8220;custom&#8220; background_image_width_phone=&#8220;200%&#8220; background_position_phone=&#8220;top_center&#8220; global_colors_info=&#8220;{}&#8220;][et_pb_row _builder_version=&#8220;4.16&#8243; max_width=&#8220;none&#8220; custom_margin=&#8220;2vw|auto||auto||&#8220; custom_margin_tablet=&#8220;0vw||&#8220; custom_margin_last_edited=&#8220;off|desktop&#8220; custom_padding=&#8220;0px||0px||true&#8220; mix_blend_mode=&#8220;overlay&#8220; global_colors_info=&#8220;{}&#8220;][et_pb_column type=&#8220;4_4&#8243; _builder_version=&#8220;4.16&#8243; global_colors_info=&#8220;{}&#8220;][et_pb_text _builder_version=&#8220;4.27.4&#8243; text_font=&#8220;||||||||&#8220; header_font=&#8220;||||||||&#8220; header_2_font=&#8220;Roboto|800||on|||||&#8220; header_2_font_size=&#8220;13vw&#8220; header_2_letter_spacing=&#8220;0.2em&#8220; transform_scale_tablet=&#8220;&#8220; transform_scale_phone=&#8220;&#8220; transform_scale_last_edited=&#8220;on|desktop&#8220; transform_translate=&#8220;4em|0px&#8220; transform_translate_tablet=&#8220;&#8220; transform_translate_phone=&#8220;0em|0px&#8220; transform_translate_last_edited=&#8220;on|desktop&#8220; transform_translate_linked=&#8220;off&#8220; transform_rotate_tablet=&#8220;&#8220; transform_rotate_phone=&#8220;&#8220; transform_rotate_last_edited=&#8220;on|desktop&#8220; transform_skew_tablet=&#8220;&#8220; transform_skew_phone=&#8220;&#8220; transform_skew_last_edited=&#8220;on|desktop&#8220; transform_origin_tablet=&#8220;&#8220; transform_origin_phone=&#8220;&#8220; transform_origin_last_edited=&#8220;on|desktop&#8220; transform_styles_last_edited=&#8220;on|desktop&#8220; text_orientation=&#8220;center&#8220; background_layout=&#8220;dark&#8220; header_2_font_size_tablet=&#8220;&#8220; header_2_font_size_phone=&#8220;16vw&#8220; header_2_font_size_last_edited=&#8220;on|desktop&#8220; transform_styles_tablet=&#8220;&#8220; transform_styles_phone=&#8220;&#8220; header_2_text_shadow_style=&#8220;preset3&#8243; header_2_text_shadow_color=&#8220;#000000&#8243; text_text_align=&#8220;center&#8220; global_colors_info=&#8220;{}&#8220;]<h2>EVENT<\/h2>[\/et_pb_text][\/et_pb_column][\/et_pb_row][et_pb_row _builder_version=&#8220;4.16&#8243; max_width=&#8220;none&#8220; custom_padding=&#8220;0px||0px||true|&#8220; global_colors_info=&#8220;{}&#8220;][et_pb_column type=&#8220;4_4&#8243; _builder_version=&#8220;4.16&#8243; global_colors_info=&#8220;{}&#8220;][et_pb_image src=&#8220;https:\/\/laimer-events.at\/wp-content\/uploads\/2025\/06\/Laimer_bewegt_logo_weiss.png&#8220; title_text=&#8220;Laimer_bewegt_logo_weiss&#8220; align=&#8220;center&#8220; _builder_version=&#8220;4.27.4&#8243; _module_preset=&#8220;default&#8220; custom_margin=&#8220;45px|19%|||false|false&#8220; custom_margin_tablet=&#8220;0px||||false|false&#8220; custom_margin_phone=&#8220;-10px|0px||0px|false|true&#8220; custom_margin_last_edited=&#8220;on|phone&#8220; global_colors_info=&#8220;{}&#8220;][\/et_pb_image][\/et_pb_column][\/et_pb_row][et_pb_row column_structure=&#8220;1_2,1_2&#8243; use_custom_gutter=&#8220;on&#8220; _builder_version=&#8220;4.27.4&#8243; max_width=&#8220;none&#8220; custom_margin=&#8220;|||||&#8220; custom_padding=&#8220;0px||0px||true|&#8220; global_colors_info=&#8220;{}&#8220;][et_pb_column type=&#8220;1_2&#8243; _builder_version=&#8220;4.16&#8243; global_colors_info=&#8220;{}&#8220;][\/et_pb_column][et_pb_column type=&#8220;1_2&#8243; _builder_version=&#8220;4.16&#8243; custom_padding=&#8220;|4vw||16vw&#8220; custom_padding_tablet=&#8220;|0vw||0vw||true&#8220; custom_padding_phone=&#8220;&#8220; custom_padding_last_edited=&#8220;on|desktop&#8220; global_colors_info=&#8220;{}&#8220;][et_pb_text _builder_version=&#8220;4.27.4&#8243; text_font=&#8220;Roboto|||on|||||&#8220; text_text_color=&#8220;#ff89b2&#8243; text_font_size=&#8220;11px&#8220; text_letter_spacing=&#8220;3px&#8220; text_line_height=&#8220;1.8em&#8220; background_layout=&#8220;dark&#8220; custom_margin=&#8220;||-7vw|||&#8220; custom_margin_tablet=&#8220;||0vw&#8220; custom_margin_phone=&#8220;&#8220; custom_margin_last_edited=&#8220;on|desktop&#8220; locked=&#8220;off&#8220; global_colors_info=&#8220;{}&#8220;]<ul>\n<li data-sourcepos=\"7:1-7:26\"><strong><span style=\"color: #ffffff;\">Gemeinschaft<\/span> erleben<\/strong><\/li>\n<li data-sourcepos=\"8:1-8:24\"><strong><span style=\"color: #ffffff;\">Familie<\/span> willkommen<\/strong><\/li>\n<li data-sourcepos=\"9:1-9:26\"><strong><span style=\"color: #ffffff;\">Begegnungen<\/span> schaffen<\/strong><\/li>\n<li data-sourcepos=\"10:1-10:28\"><strong>Unvergessliche <span style=\"color: #ffffff;\">Momente<\/span><\/strong><\/li>\n<li data-sourcepos=\"11:1-11:31\"><strong><span style=\"color: #ffffff;\">Herzlich<\/span> &amp; Pers\u00f6nlich<\/strong><\/li>\n<li data-sourcepos=\"12:1-12:21\"><strong><span style=\"color: #ffffff;\">Zusammen<\/span> feiern<\/strong><\/li>\n<li data-sourcepos=\"13:1-14:0\"><strong>Ihr Zuhause f\u00fcr <span style=\"color: #ffffff;\">Mobilit\u00e4t<\/span><\/strong><\/li>\n<\/ul>[\/et_pb_text][\/et_pb_column][\/et_pb_row][\/et_pb_section][et_pb_section fb_built=&#8220;1&#8243; admin_label=&#8220;Music&#8220; _builder_version=&#8220;4.27.4&#8243; background_color=&#8220;#1c1c1c&#8220; global_colors_info=&#8220;{}&#8220;][et_pb_row column_structure=&#8220;1_2,1_2&#8243; use_custom_gutter=&#8220;on&#8220; gutter_width=&#8220;1&#8243; _builder_version=&#8220;4.27.4&#8243; custom_margin=&#8220;-16vw|auto||auto||&#8220; custom_padding=&#8220;0px|||||&#8220; locked=&#8220;off&#8220; global_colors_info=&#8220;{}&#8220;][et_pb_column type=&#8220;1_2&#8243; _builder_version=&#8220;4.16&#8243; background_color=&#8220;#ffffff&#8220; custom_padding=&#8220;||80px&#8220; hover_enabled=&#8220;0&#8243; box_shadow_style=&#8220;preset3&#8243; box_shadow_blur=&#8220;48px&#8220; box_shadow_spread=&#8220;-24px&#8220; global_colors_info=&#8220;{}&#8220; sticky_enabled=&#8220;0&#8243;][et_pb_text _builder_version=&#8220;4.27.4&#8243; text_font=&#8220;||||||||&#8220; header_font=&#8220;||||||||&#8220; header_2_font=&#8220;Roboto|700||on|||||&#8220; header_2_font_size=&#8220;22px&#8220; header_2_letter_spacing=&#8220;4px&#8220; header_2_line_height=&#8220;1.4em&#8220; use_background_color_gradient=&#8220;on&#8220; background_color_gradient_direction=&#8220;145deg&#8220; background_color_gradient_stops=&#8220;#ff5470 0%|#ffe896 100%&#8220; background_color_gradient_start=&#8220;#ff5470&#8243; background_color_gradient_end=&#8220;#ffe896&#8243; text_orientation=&#8220;center&#8220; background_layout=&#8220;dark&#8220; custom_padding=&#8220;24px|20px|24px|20px|true|true&#8220; custom_padding_tablet=&#8220;&#8220; custom_padding_phone=&#8220;24px||24px||true&#8220; custom_padding_last_edited=&#8220;on|desktop&#8220; hover_enabled=&#8220;0&#8243; header_2_font_size_tablet=&#8220;&#8220; header_2_font_size_phone=&#8220;16px&#8220; header_2_font_size_last_edited=&#8220;on|desktop&#8220; locked=&#8220;off&#8220; global_colors_info=&#8220;{}&#8220; sticky_enabled=&#8220;0&#8243;]<h2>EVENTS<\/h2>[\/et_pb_text][et_pb_text admin_label=&#8220;Text&#8220; _builder_version=&#8220;4.27.4&#8243; _module_preset=&#8220;default&#8220; module_alignment=&#8220;center&#8220; hover_enabled=&#8220;0&#8243; global_colors_info=&#8220;{}&#8220; sticky_enabled=&#8220;0&#8243; custom_padding=&#8220;|||17px|false|false&#8220;]<p><strong><\/strong><\/p>[\/et_pb_text][\/et_pb_column][et_pb_column type=&#8220;1_2&#8243; _builder_version=&#8220;4.16&#8243; global_colors_info=&#8220;{}&#8220;][\/et_pb_column][\/et_pb_row][\/et_pb_section][et_pb_section fb_built=&#8220;1&#8243; prev_background_color=&#8220;#1c1c1c&#8220; admin_label=&#8220;Video&#8220; _builder_version=&#8220;4.27.4&#8243; use_background_color_gradient=&#8220;on&#8220; background_color_gradient_direction=&#8220;142deg&#8220; background_color_gradient_stops=&#8220;rgba(255,132,38,0.25) 0%|#26033f 100%&#8220; background_color_gradient_overlays_image=&#8220;on&#8220; background_color_gradient_start=&#8220;rgba(255,132,38,0.25)&#8220; background_color_gradient_end=&#8220;#26033f&#8220; background_image=&#8220;https:\/\/laimer-events.at\/wp-content\/uploads\/2025\/06\/dj_22.jpg&#8220; parallax=&#8220;on&#8220; overflow-x=&#8220;hidden&#8220; overflow-y=&#8220;hidden&#8220; custom_padding=&#8220;0px||0vw||false|&#8220; top_divider_style=&#8220;arrow3&#8243; bottom_divider_style=&#8220;slant2&#8243; bottom_divider_color=&#8220;#000000&#8243; bottom_divider_height=&#8220;28vw&#8220; bottom_divider_repeat=&#8220;0.5x&#8220; bottom_divider_flip=&#8220;horizontal&#8220; global_colors_info=&#8220;{}&#8220;][et_pb_row module_class=&#8220; et_pb_row_fullwidth&#8220; _builder_version=&#8220;4.16&#8243; width_tablet=&#8220;80%&#8220; width_last_edited=&#8220;off|desktop&#8220; max_width=&#8220;660px&#8220; max_width_tablet=&#8220;80%&#8220; max_width_last_edited=&#8220;off|desktop&#8220; mix_blend_mode=&#8220;overlay&#8220; box_shadow_style=&#8220;preset4&#8243; box_shadow_horizontal=&#8220;120px&#8220; box_shadow_vertical=&#8220;0px&#8220; box_shadow_color=&#8220;rgba(255,255,255,0.39)&#8220; make_fullwidth=&#8220;on&#8220; locked=&#8220;off&#8220; global_colors_info=&#8220;{}&#8220;][et_pb_column type=&#8220;4_4&#8243; _builder_version=&#8220;4.16&#8243; custom_padding=&#8220;|||&#8220; global_colors_info=&#8220;{}&#8220; custom_padding__hover=&#8220;|||&#8220;][et_pb_text _builder_version=&#8220;4.27.4&#8243; text_font=&#8220;Fjalla One|||on|||||&#8220; text_text_color=&#8220;rgba(255,255,255,0.48)&#8220; text_font_size=&#8220;16vw&#8220; text_line_height=&#8220;1em&#8220; header_font=&#8220;||||||||&#8220; background_layout=&#8220;dark&#8220; custom_margin=&#8220;-2vw||-7vw|-30vw|false|false&#8220; custom_margin_tablet=&#8220;|||-8vw|false|false&#8220; custom_margin_phone=&#8220;||0em|-8vw|false|false&#8220; custom_margin_last_edited=&#8220;on|tablet&#8220; animation_style=&#8220;fade&#8220; animation_direction=&#8220;left&#8220; animation_duration=&#8220;2000ms&#8220; text_font_size_tablet=&#8220;15vw&#8220; text_font_size_phone=&#8220;&#8220; text_font_size_last_edited=&#8220;on|desktop&#8220; global_colors_info=&#8220;{}&#8220;]<p>EVENTS<\/p>[\/et_pb_text][\/et_pb_column][\/et_pb_row][et_pb_row _builder_version=&#8220;4.16&#8243; max_width=&#8220;660px&#8220; box_shadow_style=&#8220;preset4&#8243; box_shadow_horizontal=&#8220;270px&#8220; box_shadow_vertical=&#8220;0px&#8220; box_shadow_color=&#8220;rgba(0,3,12,0.39)&#8220; global_colors_info=&#8220;{}&#8220;][et_pb_column type=&#8220;4_4&#8243; _builder_version=&#8220;4.16&#8243; global_colors_info=&#8220;{}&#8220;][et_pb_text _builder_version=&#8220;4.27.4&#8243; text_font=&#8220;|600|||||||&#8220; text_font_size=&#8220;16px&#8220; text_line_height=&#8220;1.8em&#8220; header_font=&#8220;||||||||&#8220; header_2_font=&#8220;Fjalla One|||on|||||&#8220; header_2_text_align=&#8220;center&#8220; header_2_font_size=&#8220;63px&#8220; header_2_line_height=&#8220;1.2em&#8220; text_orientation=&#8220;center&#8220; background_layout=&#8220;dark&#8220; width_tablet=&#8220;600px&#8220; width_phone=&#8220;400px&#8220; width_last_edited=&#8220;off|phone&#8220; module_alignment=&#8220;center&#8220; header_2_font_size_tablet=&#8220;50px&#8220; header_2_font_size_phone=&#8220;30px&#8220; header_2_font_size_last_edited=&#8220;on|phone&#8220; global_colors_info=&#8220;{}&#8220;]<h2><strong>WAS KOMMT ALS N\u00c4CHSTES<\/strong><\/h2>\n<p>Wir laden Sie herzlich ein, Teil unserer Autohaus-Familie zu werden und mit uns zu feiern.<\/p>[\/et_pb_text][\/et_pb_column][\/et_pb_row][et_pb_row _builder_version=&#8220;4.27.4&#8243; _module_preset=&#8220;default&#8220; global_colors_info=&#8220;{}&#8220;][et_pb_column type=&#8220;4_4&#8243; _builder_version=&#8220;4.27.4&#8243; _module_preset=&#8220;default&#8220; global_colors_info=&#8220;{}&#8220;][et_pb_text _builder_version=&#8220;4.27.4&#8243; _module_preset=&#8220;default&#8220; hover_enabled=&#8220;0&#8243; global_colors_info=&#8220;{}&#8220; sticky_enabled=&#8220;0&#8243;]<p><strong><\/strong><\/p>[\/et_pb_text][\/et_pb_column][\/et_pb_row][\/et_pb_section][et_pb_section fb_built=&#8220;1&#8243; _builder_version=&#8220;4.27.4&#8243; _module_preset=&#8220;default&#8220; background_color=&#8220;#000000&#8243; custom_padding=&#8220;26px|||||&#8220; global_colors_info=&#8220;{}&#8220;][et_pb_row _builder_version=&#8220;4.27.4&#8243; _module_preset=&#8220;default&#8220; global_colors_info=&#8220;{}&#8220;][et_pb_column type=&#8220;4_4&#8243; _builder_version=&#8220;4.27.4&#8243; _module_preset=&#8220;default&#8220; global_colors_info=&#8220;{}&#8220;][et_pb_text _builder_version=&#8220;4.27.4&#8243; _module_preset=&#8220;default&#8220; global_colors_info=&#8220;{}&#8220;]<a href=\"https:\/\/laimer-events.at\/?page_id=101\" target=\"_blank\" rel=\"noopener\" title=\"Impressum\">Impressum<\/a> I <a href=\"https:\/\/laimer-events.at\/?page_id=58\" target=\"_blank\" rel=\"noopener\" title=\"Cookie Richtlinien\">Cookie Richtlinien<\/a> I <a href=\"https:\/\/laimer-events.at\/?page_id=8\" target=\"_blank\" rel=\"noopener\" title=\"Datenschutzerkl\u00e4rung\">Datenschutzerkl\u00e4rung<\/a> I Laimer. Bewegt Dich. Perchtoldsdorf bei Wien &#8211; Liezen im Ennstal[\/et_pb_text][\/et_pb_column][\/et_pb_row][\/et_pb_section]","protected":false},"excerpt":{"rendered":"<p>EVENT Gemeinschaft erleben Familie willkommen Begegnungen schaffen Unvergessliche Momente Herzlich &amp; Pers\u00f6nlich Zusammen feiern Ihr Zuhause f\u00fcr Mobilit\u00e4t EVENTSEVENTSWAS KOMMT ALS N\u00c4CHSTES Wir laden Sie herzlich ein, Teil unserer Autohaus-Familie zu werden und mit uns zu feiern.Impressum I Cookie Richtlinien I Datenschutzerkl\u00e4rung I Laimer. Bewegt Dich. Perchtoldsdorf bei Wien &#8211; Liezen im Ennstal<\/p>\n","protected":false},"author":1,"featured_media":0,"parent":0,"menu_order":0,"comment_status":"closed","ping_status":"open","template":"page-template-blank.php","meta":{"_et_pb_use_builder":"on","_et_pb_old_content":"<!-- wp:paragraph -->\n<p>This is an example page. It's different from a blog post because it will stay in one place and will show up in your site navigation (in most themes). Most people start with an About page that introduces them to potential site visitors. It might say something like this:<\/p>\n<!-- \/wp:paragraph -->\n\n<!-- wp:quote -->\n<blockquote class=\"wp-block-quote\"><p>Hi there! I'm a bike messenger by day, aspiring actor by night, and this is my website. I live in Los Angeles, have a great dog named Jack, and I like pi&#241;a coladas. (And gettin' caught in the rain.)<\/p><\/blockquote>\n<!-- \/wp:quote -->\n\n<!-- wp:paragraph -->\n<p>...or something like this:<\/p>\n<!-- \/wp:paragraph -->\n\n<!-- wp:quote -->\n<blockquote class=\"wp-block-quote\"><p>The XYZ Doohickey Company was founded in 1971, and has been providing quality doohickeys to the public ever since. Located in Gotham City, XYZ employs over 2,000 people and does all kinds of awesome things for the Gotham community.<\/p><\/blockquote>\n<!-- \/wp:quote -->\n\n<!-- wp:paragraph -->\n<p>As a new WordPress user, you should go to <a href=\"http:\/\/laimer-events.at\/wp-admin\/\">your dashboard<\/a> to delete this page and create new pages for your content. Have fun!<\/p>\n<!-- \/wp:paragraph -->","_et_gb_content_width":"","footnotes":""},"class_list":["post-2","page","type-page","status-publish","hentry"],"_links":{"self":[{"href":"https:\/\/laimer-events.at\/index.php?rest_route=\/wp\/v2\/pages\/2","targetHints":{"allow":["GET"]}}],"collection":[{"href":"https:\/\/laimer-events.at\/index.php?rest_route=\/wp\/v2\/pages"}],"about":[{"href":"https:\/\/laimer-events.at\/index.php?rest_route=\/wp\/v2\/types\/page"}],"author":[{"embeddable":true,"href":"https:\/\/laimer-events.at\/index.php?rest_route=\/wp\/v2\/users\/1"}],"replies":[{"embeddable":true,"href":"https:\/\/laimer-events.at\/index.php?rest_route=%2Fwp%2Fv2%2Fcomments&post=2"}],"version-history":[{"count":10,"href":"https:\/\/laimer-events.at\/index.php?rest_route=\/wp\/v2\/pages\/2\/revisions"}],"predecessor-version":[{"id":117,"href":"https:\/\/laimer-events.at\/index.php?rest_route=\/wp\/v2\/pages\/2\/revisions\/117"}],"wp:attachment":[{"href":"https:\/\/laimer-events.at\/index.php?rest_route=%2Fwp%2Fv2%2Fmedia&parent=2"}],"curies":[{"name":"wp","href":"https:\/\/api.w.org\/{rel}","templated":true}]}}